{"id":14422,"date":"2026-03-20T04:23:35","date_gmt":"2026-03-20T04:23:35","guid":{"rendered":"https:\/\/distinctivecontentsman.shop\/?post_type=product&#038;p=14422"},"modified":"2026-03-20T04:32:21","modified_gmt":"2026-03-20T04:32:21","slug":"electric-spin-scrubber-rechargeable-cleaning-brush-with-6-9-brush-heads-cordless-shower-scrubber-for-cleaning-tub-tile-floor-window","status":"publish","type":"product","link":"https:\/\/distinctivecontentsman.shop\/de\/produkt\/electric-spin-scrubber-rechargeable-cleaning-brush-with-6-9-brush-heads-cordless-shower-scrubber-for-cleaning-tub-tile-floor-window\/","title":{"rendered":"Electric Spin Scrubber, Rechargeable Cleaning Brush with 6\/9 Brush Heads, Cordless Shower Scrubber for Cleaning Tub\/Tile\/Floor\/Window"},"content":{"rendered":"<div data-elementor-type=\"product-post\" data-elementor-id=\"14422\" class=\"elementor elementor-14422\" data-elementor-post-type=\"product\">\n\t\t\t\t<div class=\"elementor-element elementor-element-74cdd8e5 e-flex e-con-boxed e-con e-parent\" data-id=\"74cdd8e5\" data-element_type=\"container\" data-settings=\"{&quot;ekit_has_onepagescroll_dot&quot;:&quot;yes&quot;}\">\n\t\t\t\t\t<div class=\"e-con-inner\">\n\t\t\t\t<div class=\"elementor-element elementor-element-1805003c elementor-widget elementor-widget-image\" data-id=\"1805003c\" data-element_type=\"widget\" data-settings=\"{&quot;ekit_we_effect_on&quot;:&quot;none&quot;}\" data-widget_type=\"image.default\">\n\t\t\t\t<div class=\"elementor-widget-container\">\n\t\t\t\t\t\t\t\t\t\t\t\t\t\t\t<img loading=\"lazy\" decoding=\"async\" width=\"800\" height=\"327\" src=\"https:\/\/distinctivecontentsman.shop\/wp-content\/uploads\/2026\/03\/S2e15d21745c44e7a8ce57305e7cc753cr-1.webp\" class=\"attachment-full size-full wp-image-14438 wvs-archive-product-image\" alt=\"\" srcset=\"https:\/\/distinctivecontentsman.shop\/wp-content\/uploads\/2026\/03\/S2e15d21745c44e7a8ce57305e7cc753cr-1.webp 800w, https:\/\/distinctivecontentsman.shop\/wp-content\/uploads\/2026\/03\/S2e15d21745c44e7a8ce57305e7cc753cr-1-300x123.webp 300w, https:\/\/distinctivecontentsman.shop\/wp-content\/uploads\/2026\/03\/S2e15d21745c44e7a8ce57305e7cc753cr-1-768x314.webp 768w, https:\/\/distinctivecontentsman.shop\/wp-content\/uploads\/2026\/03\/S2e15d21745c44e7a8ce57305e7cc753cr-1-18x7.webp 18w, https:\/\/distinctivecontentsman.shop\/wp-content\/uploads\/2026\/03\/S2e15d21745c44e7a8ce57305e7cc753cr-1-600x245.webp 600w, https:\/\/distinctivecontentsman.shop\/wp-content\/uploads\/2026\/03\/S2e15d21745c44e7a8ce57305e7cc753cr-1-1x1.webp 1w, https:\/\/distinctivecontentsman.shop\/wp-content\/uploads\/2026\/03\/S2e15d21745c44e7a8ce57305e7cc753cr-1-10x4.webp 10w\" sizes=\"auto, (max-width: 800px) 100vw, 800px\" \/>\t\t\t\t\t\t\t\t\t\t\t\t\t\t\t<\/div>\n\t\t\t\t<\/div>\n\t\t\t\t<div class=\"elementor-element elementor-element-39af488d elementor-widget elementor-widget-image\" data-id=\"39af488d\" data-element_type=\"widget\" data-settings=\"{&quot;ekit_we_effect_on&quot;:&quot;none&quot;}\" data-widget_type=\"image.default\">\n\t\t\t\t<div class=\"elementor-widget-container\">\n\t\t\t\t\t\t\t\t\t\t\t\t\t\t\t<img loading=\"lazy\" decoding=\"async\" width=\"800\" height=\"327\" src=\"https:\/\/distinctivecontentsman.shop\/wp-content\/uploads\/2026\/03\/S69cb62034c844b478a17fd8bd0f9c7556-1.webp\" class=\"attachment-full size-full wp-image-14439 wvs-archive-product-image\" alt=\"\" srcset=\"https:\/\/distinctivecontentsman.shop\/wp-content\/uploads\/2026\/03\/S69cb62034c844b478a17fd8bd0f9c7556-1.webp 800w, https:\/\/distinctivecontentsman.shop\/wp-content\/uploads\/2026\/03\/S69cb62034c844b478a17fd8bd0f9c7556-1-300x123.webp 300w, https:\/\/distinctivecontentsman.shop\/wp-content\/uploads\/2026\/03\/S69cb62034c844b478a17fd8bd0f9c7556-1-768x314.webp 768w, https:\/\/distinctivecontentsman.shop\/wp-content\/uploads\/2026\/03\/S69cb62034c844b478a17fd8bd0f9c7556-1-18x7.webp 18w, https:\/\/distinctivecontentsman.shop\/wp-content\/uploads\/2026\/03\/S69cb62034c844b478a17fd8bd0f9c7556-1-600x245.webp 600w, https:\/\/distinctivecontentsman.shop\/wp-content\/uploads\/2026\/03\/S69cb62034c844b478a17fd8bd0f9c7556-1-1x1.webp 1w, https:\/\/distinctivecontentsman.shop\/wp-content\/uploads\/2026\/03\/S69cb62034c844b478a17fd8bd0f9c7556-1-10x4.webp 10w\" sizes=\"auto, (max-width: 800px) 100vw, 800px\" \/>\t\t\t\t\t\t\t\t\t\t\t\t\t\t\t<\/div>\n\t\t\t\t<\/div>\n\t\t\t\t<div class=\"elementor-element elementor-element-20156268 elementor-widget elementor-widget-image\" data-id=\"20156268\" data-element_type=\"widget\" data-settings=\"{&quot;ekit_we_effect_on&quot;:&quot;none&quot;}\" data-widget_type=\"image.default\">\n\t\t\t\t<div class=\"elementor-widget-container\">\n\t\t\t\t\t\t\t\t\t\t\t\t\t\t\t<img loading=\"lazy\" decoding=\"async\" width=\"800\" height=\"327\" src=\"https:\/\/distinctivecontentsman.shop\/wp-content\/uploads\/2026\/03\/S98111f558e494df6aec4dc1bf8433c2cH-1.webp\" class=\"attachment-large size-large wp-image-14440 wvs-archive-product-image\" alt=\"\" srcset=\"https:\/\/distinctivecontentsman.shop\/wp-content\/uploads\/2026\/03\/S98111f558e494df6aec4dc1bf8433c2cH-1.webp 800w, https:\/\/distinctivecontentsman.shop\/wp-content\/uploads\/2026\/03\/S98111f558e494df6aec4dc1bf8433c2cH-1-300x123.webp 300w, https:\/\/distinctivecontentsman.shop\/wp-content\/uploads\/2026\/03\/S98111f558e494df6aec4dc1bf8433c2cH-1-768x314.webp 768w, https:\/\/distinctivecontentsman.shop\/wp-content\/uploads\/2026\/03\/S98111f558e494df6aec4dc1bf8433c2cH-1-18x7.webp 18w, https:\/\/distinctivecontentsman.shop\/wp-content\/uploads\/2026\/03\/S98111f558e494df6aec4dc1bf8433c2cH-1-600x245.webp 600w, https:\/\/distinctivecontentsman.shop\/wp-content\/uploads\/2026\/03\/S98111f558e494df6aec4dc1bf8433c2cH-1-1x1.webp 1w, https:\/\/distinctivecontentsman.shop\/wp-content\/uploads\/2026\/03\/S98111f558e494df6aec4dc1bf8433c2cH-1-10x4.webp 10w\" sizes=\"auto, (max-width: 800px) 100vw, 800px\" \/>\t\t\t\t\t\t\t\t\t\t\t\t\t\t\t<\/div>\n\t\t\t\t<\/div>\n\t\t\t\t<div class=\"elementor-element elementor-element-57e784e7 elementor-widget elementor-widget-image\" data-id=\"57e784e7\" data-element_type=\"widget\" data-settings=\"{&quot;ekit_we_effect_on&quot;:&quot;none&quot;}\" data-widget_type=\"image.default\">\n\t\t\t\t<div class=\"elementor-widget-container\">\n\t\t\t\t\t\t\t\t\t\t\t\t\t\t\t<img loading=\"lazy\" decoding=\"async\" width=\"800\" height=\"327\" src=\"https:\/\/distinctivecontentsman.shop\/wp-content\/uploads\/2026\/03\/S549294d30b054962bae77d7f27cb98f5G-1.webp\" class=\"attachment-large size-large wp-image-14441 wvs-archive-product-image\" alt=\"\" srcset=\"https:\/\/distinctivecontentsman.shop\/wp-content\/uploads\/2026\/03\/S549294d30b054962bae77d7f27cb98f5G-1.webp 800w, https:\/\/distinctivecontentsman.shop\/wp-content\/uploads\/2026\/03\/S549294d30b054962bae77d7f27cb98f5G-1-300x123.webp 300w, https:\/\/distinctivecontentsman.shop\/wp-content\/uploads\/2026\/03\/S549294d30b054962bae77d7f27cb98f5G-1-768x314.webp 768w, https:\/\/distinctivecontentsman.shop\/wp-content\/uploads\/2026\/03\/S549294d30b054962bae77d7f27cb98f5G-1-18x7.webp 18w, https:\/\/distinctivecontentsman.shop\/wp-content\/uploads\/2026\/03\/S549294d30b054962bae77d7f27cb98f5G-1-600x245.webp 600w, https:\/\/distinctivecontentsman.shop\/wp-content\/uploads\/2026\/03\/S549294d30b054962bae77d7f27cb98f5G-1-1x1.webp 1w, https:\/\/distinctivecontentsman.shop\/wp-content\/uploads\/2026\/03\/S549294d30b054962bae77d7f27cb98f5G-1-10x4.webp 10w\" sizes=\"auto, (max-width: 800px) 100vw, 800px\" \/>\t\t\t\t\t\t\t\t\t\t\t\t\t\t\t<\/div>\n\t\t\t\t<\/div>\n\t\t\t\t<div class=\"elementor-element elementor-element-524b5188 elementor-widget elementor-widget-image\" data-id=\"524b5188\" data-element_type=\"widget\" data-settings=\"{&quot;ekit_we_effect_on&quot;:&quot;none&quot;}\" data-widget_type=\"image.default\">\n\t\t\t\t<div class=\"elementor-widget-container\">\n\t\t\t\t\t\t\t\t\t\t\t\t\t\t\t<img loading=\"lazy\" decoding=\"async\" width=\"800\" height=\"327\" src=\"https:\/\/distinctivecontentsman.shop\/wp-content\/uploads\/2026\/03\/S34517183c40a4357aa6441599325431d6-1.webp\" class=\"attachment-large size-large wp-image-14442 wvs-archive-product-image\" alt=\"\" srcset=\"https:\/\/distinctivecontentsman.shop\/wp-content\/uploads\/2026\/03\/S34517183c40a4357aa6441599325431d6-1.webp 800w, https:\/\/distinctivecontentsman.shop\/wp-content\/uploads\/2026\/03\/S34517183c40a4357aa6441599325431d6-1-300x123.webp 300w, https:\/\/distinctivecontentsman.shop\/wp-content\/uploads\/2026\/03\/S34517183c40a4357aa6441599325431d6-1-768x314.webp 768w, https:\/\/distinctivecontentsman.shop\/wp-content\/uploads\/2026\/03\/S34517183c40a4357aa6441599325431d6-1-18x7.webp 18w, https:\/\/distinctivecontentsman.shop\/wp-content\/uploads\/2026\/03\/S34517183c40a4357aa6441599325431d6-1-600x245.webp 600w, https:\/\/distinctivecontentsman.shop\/wp-content\/uploads\/2026\/03\/S34517183c40a4357aa6441599325431d6-1-1x1.webp 1w, https:\/\/distinctivecontentsman.shop\/wp-content\/uploads\/2026\/03\/S34517183c40a4357aa6441599325431d6-1-10x4.webp 10w\" sizes=\"auto, (max-width: 800px) 100vw, 800px\" \/>\t\t\t\t\t\t\t\t\t\t\t\t\t\t\t<\/div>\n\t\t\t\t<\/div>\n\t\t\t\t<div class=\"elementor-element elementor-element-1b966ed7 elementor-widget elementor-widget-image\" data-id=\"1b966ed7\" data-element_type=\"widget\" data-settings=\"{&quot;ekit_we_effect_on&quot;:&quot;none&quot;}\" data-widget_type=\"image.default\">\n\t\t\t\t<div class=\"elementor-widget-container\">\n\t\t\t\t\t\t\t\t\t\t\t\t\t\t\t<img loading=\"lazy\" decoding=\"async\" width=\"800\" height=\"327\" src=\"https:\/\/distinctivecontentsman.shop\/wp-content\/uploads\/2026\/03\/Sc338fe09cbfd4293a064a39eed22d575h-1.webp\" class=\"attachment-large size-large wp-image-14443 wvs-archive-product-image\" alt=\"\" srcset=\"https:\/\/distinctivecontentsman.shop\/wp-content\/uploads\/2026\/03\/Sc338fe09cbfd4293a064a39eed22d575h-1.webp 800w, https:\/\/distinctivecontentsman.shop\/wp-content\/uploads\/2026\/03\/Sc338fe09cbfd4293a064a39eed22d575h-1-300x123.webp 300w, https:\/\/distinctivecontentsman.shop\/wp-content\/uploads\/2026\/03\/Sc338fe09cbfd4293a064a39eed22d575h-1-768x314.webp 768w, https:\/\/distinctivecontentsman.shop\/wp-content\/uploads\/2026\/03\/Sc338fe09cbfd4293a064a39eed22d575h-1-18x7.webp 18w, https:\/\/distinctivecontentsman.shop\/wp-content\/uploads\/2026\/03\/Sc338fe09cbfd4293a064a39eed22d575h-1-600x245.webp 600w, https:\/\/distinctivecontentsman.shop\/wp-content\/uploads\/2026\/03\/Sc338fe09cbfd4293a064a39eed22d575h-1-1x1.webp 1w, https:\/\/distinctivecontentsman.shop\/wp-content\/uploads\/2026\/03\/Sc338fe09cbfd4293a064a39eed22d575h-1-10x4.webp 10w\" sizes=\"auto, (max-width: 800px) 100vw, 800px\" \/>\t\t\t\t\t\t\t\t\t\t\t\t\t\t\t<\/div>\n\t\t\t\t<\/div>\n\t\t\t\t\t<\/div>\n\t\t\t\t<\/div>\n\t\t<div class=\"elementor-element elementor-element-1a04b179 e-flex e-con-boxed e-con e-parent\" data-id=\"1a04b179\" data-element_type=\"container\" data-settings=\"{&quot;ekit_has_onepagescroll_dot&quot;:&quot;yes&quot;}\">\n\t\t\t\t\t<div class=\"e-con-inner\">\n\t\t\t\t<div class=\"elementor-element elementor-element-5fc9756a elementor--h-position-center elementor--v-position-middle elementor-arrows-position-inside elementor-pagination-position-inside elementor-widget elementor-widget-slides\" data-id=\"5fc9756a\" data-element_type=\"widget\" data-settings=\"{&quot;navigation&quot;:&quot;both&quot;,&quot;autoplay&quot;:&quot;yes&quot;,&quot;pause_on_hover&quot;:&quot;yes&quot;,&quot;pause_on_interaction&quot;:&quot;yes&quot;,&quot;autoplay_speed&quot;:5000,&quot;infinite&quot;:&quot;yes&quot;,&quot;transition&quot;:&quot;slide&quot;,&quot;transition_speed&quot;:500,&quot;ekit_we_effect_on&quot;:&quot;none&quot;}\" data-widget_type=\"slides.default\">\n\t\t\t\t<div class=\"elementor-widget-container\">\n\t\t\t\t\t\t\t\t\t<div class=\"elementor-swiper\">\r\n\t\t\t\t\t<div class=\"elementor-slides-wrapper elementor-main-swiper swiper\" role=\"region\" aria-roledescription=\"carousel\" aria-label=\"Folien\" dir=\"ltr\" data-animation=\"fadeInUp\">\r\n\t\t\t\t<div class=\"swiper-wrapper elementor-slides\">\r\n\t\t\t\t\t\t\t\t\t\t<div class=\"elementor-repeater-item-4f8388f swiper-slide\" role=\"group\" aria-roledescription=\"slide\"><div class=\"swiper-slide-bg\" role=\"img\" aria-label=\"19b0bf34-ddb8-4ad0-ad54-a0c3417971ff.__CR001464600_PT0_SX1464_V1___-1.jpg\"><\/div><div class=\"swiper-slide-inner\" ><div class=\"swiper-slide-contents\"><\/div><\/div><\/div><div class=\"elementor-repeater-item-3f9b85f swiper-slide\" role=\"group\" aria-roledescription=\"slide\"><div class=\"swiper-slide-bg\" role=\"img\" aria-label=\"62e7f25b-0711-402e-9219-2cc4c20d40bd.__CR001464600_PT0_SX1464_V1___.jpg\"><\/div><div class=\"swiper-slide-inner\" ><div class=\"swiper-slide-contents\"><\/div><\/div><\/div><div class=\"elementor-repeater-item-603d382 swiper-slide\" role=\"group\" aria-roledescription=\"slide\"><div class=\"swiper-slide-bg\" role=\"img\" aria-label=\"139cdc1e-2130-4f5a-88e7-efa0a68684c3.__CR001464600_PT0_SX1464_V1___.jpg\"><\/div><div class=\"swiper-slide-inner\" ><div class=\"swiper-slide-contents\"><\/div><\/div><\/div><div class=\"elementor-repeater-item-8c21040 swiper-slide\" role=\"group\" aria-roledescription=\"slide\"><div class=\"swiper-slide-bg\" role=\"img\" aria-label=\"bb1bbb72-b5c7-482d-bbe9-c6f14f073d13.__CR001464600_PT0_SX1464_V1___.jpg\"><\/div><div class=\"swiper-slide-inner\" ><div class=\"swiper-slide-contents\"><\/div><\/div><\/div>\t\t\t\t<\/div>\r\n\t\t\t\t\t\t\t\t\t\t\t\t\t\t\t<div class=\"elementor-swiper-button elementor-swiper-button-prev\" role=\"button\" tabindex=\"0\" aria-label=\"Vorheriges Dia\">\r\n\t\t\t\t\t\t\t<svg aria-hidden=\"true\" class=\"e-font-icon-svg e-eicon-chevron-left\" viewbox=\"0 0 1000 1000\" xmlns=\"http:\/\/www.w3.org\/2000\/svg\"><path d=\"M646 125C629 125 613 133 604 142L308 442C296 454 292 471 292 487 292 504 296 521 308 533L604 854C617 867 629 875 646 875 663 875 679 871 692 858 704 846 713 829 713 812 713 796 708 779 692 767L438 487 692 225C700 217 708 204 708 187 708 171 704 154 692 142 675 129 663 125 646 125Z\"><\/path><\/svg>\t\t\t\t\t\t<\/div>\r\n\t\t\t\t\t\t<div class=\"elementor-swiper-button elementor-swiper-button-next\" role=\"button\" tabindex=\"0\" aria-label=\"N\u00e4chste Folie\">\r\n\t\t\t\t\t\t\t<svg aria-hidden=\"true\" class=\"e-font-icon-svg e-eicon-chevron-right\" viewbox=\"0 0 1000 1000\" xmlns=\"http:\/\/www.w3.org\/2000\/svg\"><path d=\"M696 533C708 521 713 504 713 487 713 471 708 454 696 446L400 146C388 133 375 125 354 125 338 125 325 129 313 142 300 154 292 171 292 187 292 204 296 221 308 233L563 492 304 771C292 783 288 800 288 817 288 833 296 850 308 863 321 871 338 875 354 875 371 875 388 867 400 854L696 533Z\"><\/path><\/svg>\t\t\t\t\t\t<\/div>\r\n\t\t\t\t\t\t\t\t\t\t\t\t\t\t\t\t<div class=\"swiper-pagination\"><\/div>\r\n\t\t\t\t\t\t\t\t\t\t\t\t<\/div>\r\n\t\t\t\t<\/div>\r\n\t\t\t\t\t\t\t\t<\/div>\n\t\t\t\t<\/div>\n\t\t\t\t<div class=\"elementor-element elementor-element-4d81c7c3 elementor--h-position-center elementor--v-position-middle elementor-arrows-position-inside elementor-pagination-position-inside elementor-widget elementor-widget-slides\" data-id=\"4d81c7c3\" data-element_type=\"widget\" data-settings=\"{&quot;navigation&quot;:&quot;both&quot;,&quot;autoplay&quot;:&quot;yes&quot;,&quot;pause_on_hover&quot;:&quot;yes&quot;,&quot;pause_on_interaction&quot;:&quot;yes&quot;,&quot;autoplay_speed&quot;:5000,&quot;infinite&quot;:&quot;yes&quot;,&quot;transition&quot;:&quot;slide&quot;,&quot;transition_speed&quot;:500,&quot;ekit_we_effect_on&quot;:&quot;none&quot;}\" data-widget_type=\"slides.default\">\n\t\t\t\t<div class=\"elementor-widget-container\">\n\t\t\t\t\t\t\t\t\t<div class=\"elementor-swiper\">\r\n\t\t\t\t\t<div class=\"elementor-slides-wrapper elementor-main-swiper swiper\" role=\"region\" aria-roledescription=\"carousel\" aria-label=\"Folien\" dir=\"ltr\" data-animation=\"fadeInUp\">\r\n\t\t\t\t<div class=\"swiper-wrapper elementor-slides\">\r\n\t\t\t\t\t\t\t\t\t\t<div class=\"elementor-repeater-item-67e674c swiper-slide\" role=\"group\" aria-roledescription=\"slide\"><div class=\"swiper-slide-bg\" role=\"img\" aria-label=\"6516f9d8-6ebe-4e3e-a1e4-2eab501f4807.__CR001464600_PT0_SX1464_V1___.jpg\"><\/div><div class=\"swiper-slide-inner\" ><div class=\"swiper-slide-contents\"><\/div><\/div><\/div><div class=\"elementor-repeater-item-5d6cee7 swiper-slide\" role=\"group\" aria-roledescription=\"slide\"><div class=\"swiper-slide-bg\" role=\"img\" aria-label=\"a1b909a6-c67e-4fe3-932d-a5c75735025c.__CR001464600_PT0_SX1464_V1___.jpg\"><\/div><div class=\"swiper-slide-inner\" ><div class=\"swiper-slide-contents\"><\/div><\/div><\/div><div class=\"elementor-repeater-item-afb06b2 swiper-slide\" role=\"group\" aria-roledescription=\"slide\"><div class=\"swiper-slide-bg\" role=\"img\" aria-label=\"afe27968-321d-40ac-8f20-6aac897e1597.__CR001464600_PT0_SX1464_V1___.jpg\"><\/div><div class=\"swiper-slide-inner\" ><div class=\"swiper-slide-contents\"><\/div><\/div><\/div><div class=\"elementor-repeater-item-d448644 swiper-slide\" role=\"group\" aria-roledescription=\"slide\"><div class=\"swiper-slide-bg\" role=\"img\" aria-label=\"ba65ceeb-7fc2-4aed-8aa8-c5f8aef27cfa.__CR001464600_PT0_SX1464_V1___.jpg\"><\/div><div class=\"swiper-slide-inner\" ><div class=\"swiper-slide-contents\"><\/div><\/div><\/div>\t\t\t\t<\/div>\r\n\t\t\t\t\t\t\t\t\t\t\t\t\t\t\t<div class=\"elementor-swiper-button elementor-swiper-button-prev\" role=\"button\" tabindex=\"0\" aria-label=\"Vorheriges Dia\">\r\n\t\t\t\t\t\t\t<svg aria-hidden=\"true\" class=\"e-font-icon-svg e-eicon-chevron-left\" viewbox=\"0 0 1000 1000\" xmlns=\"http:\/\/www.w3.org\/2000\/svg\"><path d=\"M646 125C629 125 613 133 604 142L308 442C296 454 292 471 292 487 292 504 296 521 308 533L604 854C617 867 629 875 646 875 663 875 679 871 692 858 704 846 713 829 713 812 713 796 708 779 692 767L438 487 692 225C700 217 708 204 708 187 708 171 704 154 692 142 675 129 663 125 646 125Z\"><\/path><\/svg>\t\t\t\t\t\t<\/div>\r\n\t\t\t\t\t\t<div class=\"elementor-swiper-button elementor-swiper-button-next\" role=\"button\" tabindex=\"0\" aria-label=\"N\u00e4chste Folie\">\r\n\t\t\t\t\t\t\t<svg aria-hidden=\"true\" class=\"e-font-icon-svg e-eicon-chevron-right\" viewbox=\"0 0 1000 1000\" xmlns=\"http:\/\/www.w3.org\/2000\/svg\"><path d=\"M696 533C708 521 713 504 713 487 713 471 708 454 696 446L400 146C388 133 375 125 354 125 338 125 325 129 313 142 300 154 292 171 292 187 292 204 296 221 308 233L563 492 304 771C292 783 288 800 288 817 288 833 296 850 308 863 321 871 338 875 354 875 371 875 388 867 400 854L696 533Z\"><\/path><\/svg>\t\t\t\t\t\t<\/div>\r\n\t\t\t\t\t\t\t\t\t\t\t\t\t\t\t\t<div class=\"swiper-pagination\"><\/div>\r\n\t\t\t\t\t\t\t\t\t\t\t\t<\/div>\r\n\t\t\t\t<\/div>\r\n\t\t\t\t\t\t\t\t<\/div>\n\t\t\t\t<\/div>\n\t\t<div class=\"elementor-element elementor-element-358d3ec1 e-con-full e-flex e-con e-child\" data-id=\"358d3ec1\" data-element_type=\"container\" data-settings=\"{&quot;ekit_has_onepagescroll_dot&quot;:&quot;yes&quot;}\">\n\t\t\t\t<div class=\"elementor-element elementor-element-5e1795d4 elementor-widget elementor-widget-text-editor\" data-id=\"5e1795d4\" data-element_type=\"widget\" data-settings=\"{&quot;ekit_we_effect_on&quot;:&quot;none&quot;}\" data-widget_type=\"text-editor.default\">\n\t\t\t\t<div class=\"elementor-widget-container\">\n\t\t\t\t\t\t\t\t\t<div class=\"elementor-widget-container\">\n\n<div class=\"product-table\">\n<div class=\"product-row\">\n<div class=\"product-label\"><strong>Farbe<\/strong><\/div>\n<div class=\"product-value\"><strong>Wei\u00df, Gr\u00fcn<\/strong><\/div>\n<\/div>\n<div class=\"product-row\">\n<div class=\"product-label\"><strong>Material<\/strong><\/div>\n<div class=\"product-value\"><strong>ABS-Kunststoff, Edelstahl, Silikon<\/strong><\/div>\n<\/div>\n<div class=\"product-row\">\n<div class=\"product-label\"><strong>Artikelgewicht<\/strong><\/div>\n<div class=\"product-value\"><strong>1,2 kg, leicht zu handhaben und zu transportieren<\/strong><\/div>\n<\/div>\n<div class=\"product-row\">\n<div class=\"product-label\"><strong>Produktma\u00dfe<\/strong><\/div>\n<div class=\"product-value\"><strong>Verstellbare L\u00e4nge: 85-120 cm, Griffdicke: 3,8 cm, B\u00fcrstenkopf-Durchmesser: 8-10 cm<\/strong><\/div>\n<\/div>\n<\/div>\n<style>\n.product-table {\nwidth: 100%;\nborder-top: 1px solid #000;\nfont-family: Arial, sans-serif;\n}\n.product-row {\ndisplay: flex;\nborder-bottom: 1px solid #000;\npadding: 12px 0;\n}\n.product-label {\nflex: 1;\nfont-weight: bold;\nmin-width: 200px;\npadding-right: 20px;\n}\n.product-value {\nflex: 1;\nmin-width: 200px;\n}\n<\/style>\n<\/div>\t\t\t\t\t\t\t\t<\/div>\n\t\t\t\t<\/div>\n\t\t\t\t<\/div>\n\t\t\t\t\t<\/div>\n\t\t\t\t<\/div>\n\t\t\t\t<\/div>","protected":false},"excerpt":{"rendered":"<p>Farbe Wei\u00df, Gr\u00fcn Material ABS-Kunststoff, Edelstahl, Silikon Artikelgewicht 1,2 kg, leicht zu handhaben und zu transportieren Produktma\u00dfe Verstellbare L\u00e4nge: 85-120&#8230;<\/p>","protected":false},"featured_media":14427,"comment_status":"open","ping_status":"closed","template":"","meta":{"_acf_changed":false},"etheme_brands":[],"product_brand":[],"product_cat":[127,118],"product_tag":[],"class_list":{"0":"post-14422","1":"product","2":"type-product","3":"status-publish","4":"has-post-thumbnail","6":"product_cat-dao","7":"product_cat-sale-shop","9":"first","10":"instock","11":"sale","12":"shipping-taxable","13":"purchasable","14":"product-type-variable","15":"has-default-attributes","16":"wvs-archive-product-wrapper"},"acf":[],"_links":{"self":[{"href":"https:\/\/distinctivecontentsman.shop\/de\/wp-json\/wp\/v2\/product\/14422","targetHints":{"allow":["GET"]}}],"collection":[{"href":"https:\/\/distinctivecontentsman.shop\/de\/wp-json\/wp\/v2\/product"}],"about":[{"href":"https:\/\/distinctivecontentsman.shop\/de\/wp-json\/wp\/v2\/types\/product"}],"replies":[{"embeddable":true,"href":"https:\/\/distinctivecontentsman.shop\/de\/wp-json\/wp\/v2\/comments?post=14422"}],"version-history":[{"count":4,"href":"https:\/\/distinctivecontentsman.shop\/de\/wp-json\/wp\/v2\/product\/14422\/revisions"}],"predecessor-version":[{"id":14459,"href":"https:\/\/distinctivecontentsman.shop\/de\/wp-json\/wp\/v2\/product\/14422\/revisions\/14459"}],"wp:featuredmedia":[{"embeddable":true,"href":"https:\/\/distinctivecontentsman.shop\/de\/wp-json\/wp\/v2\/media\/14427"}],"wp:attachment":[{"href":"https:\/\/distinctivecontentsman.shop\/de\/wp-json\/wp\/v2\/media?parent=14422"}],"wp:term":[{"taxonomy":"brand","embeddable":true,"href":"https:\/\/distinctivecontentsman.shop\/de\/wp-json\/wp\/v2\/etheme_brands?post=14422"},{"taxonomy":"product_brand","embeddable":true,"href":"https:\/\/distinctivecontentsman.shop\/de\/wp-json\/wp\/v2\/product_brand?post=14422"},{"taxonomy":"product_cat","embeddable":true,"href":"https:\/\/distinctivecontentsman.shop\/de\/wp-json\/wp\/v2\/product_cat?post=14422"},{"taxonomy":"product_tag","embeddable":true,"href":"https:\/\/distinctivecontentsman.shop\/de\/wp-json\/wp\/v2\/product_tag?post=14422"}],"curies":[{"name":"wp","href":"https:\/\/api.w.org\/{rel}","templated":true}]}}